{"id":246,"date":"2025-11-05T19:08:21","date_gmt":"2025-11-05T19:08:21","guid":{"rendered":"https:\/\/cdesign-agencementexterieur.fr\/?page_id=246"},"modified":"2025-11-17T19:06:45","modified_gmt":"2025-11-17T19:06:45","slug":"realisation-de-terrasses","status":"publish","type":"page","link":"https:\/\/cdesign-agencementexterieur.fr\/index.php\/realisation-de-terrasses\/","title":{"rendered":"R\u00e9alisation de terrasses"},"content":{"rendered":"\n<h3 class=\"wp-block-heading\">L\u2019art de cr\u00e9er votre espace ext\u00e9rieur<\/h3>\n\n\n\n<p><\/p>\n\n\n\n<p>Vous r\u00eavez d\u2019un espace ext\u00e9rieur chaleureux, \u00e9l\u00e9gant et durable ?<\/p>\n\n\n\n<p>Notre entreprise met tout son savoir-faire au service de la cr\u00e9ation de terrasses qui subliment votre jardin et valorisent votre maison.<\/p>\n\n\n\n<p><\/p>\n\n\n\n<p>Gr\u00e2ce \u00e0 notre expertise, vous profitez d\u2019un espace de vie ext\u00e9rieur unique :<\/p>\n\n\n\n<p>une terrasse confortable, durable, parfaitement adapt\u00e9e \u00e0 vos envies et \u00e0 votre style de vie.<\/p>\n\n\n\n<p>Faites de votre jardin un v\u00e9ritable lieu de d\u00e9tente et de convivialit\u00e9. Nous construisons votre terrasse, vous profitez du plaisir.<\/p>\n\n\n\n<p><\/p>\n\n\n\n<p><\/p>\n\n\n\n<div class=\"wp-block-group r-spacing wow animate__animated animate__fadeInUp has-global-padding is-layout-constrained wp-container-core-group-is-layout-9e277222 wp-block-group-is-layout-constrained\" style=\"margin-top:0;margin-bottom:100px;padding-right:20px;padding-left:20px\">\n<div class=\"wp-block-columns are-vertically-aligned-center is-layout-flex wp-container-core-columns-is-layout-3fedb30a wp-block-columns-is-layout-flex\">\n<div class=\"wp-block-column is-vertically-aligned-center is-layout-flow wp-block-column-is-layout-flow\">\n<h6 class=\"wp-block-heading has-text-align-left\" style=\"margin-top:0;margin-bottom:40px;font-size:clamp(25.014px, 1.563rem + ((1vw - 3.2px) * 1.733), 42px);font-style:normal;font-weight:400;line-height:1.3\">Terrasses en bois<\/h6>\n\n\n\n<p>Sp\u00e9cialistes des terrasses en bois, nous travaillons aussi bien le pin trait\u00e9 que les bois exotiques, r\u00e9put\u00e9s pour leur solidit\u00e9 et leur esth\u00e9tique haut de gamme. Chaque terrasse est con\u00e7ue sur mesure, avec des finitions soign\u00e9es et une int\u00e9gration harmonieuse dans votre environnement.<\/p>\n<\/div>\n\n\n\n<div class=\"wp-block-column is-vertically-aligned-center is-layout-flow wp-block-column-is-layout-flow\">\n<div class=\"wp-block-group our-story-right has-global-padding is-layout-constrained wp-block-group-is-layout-constrained\">\n<div class=\"wp-block-cover r-cover\" style=\"border-radius:20px;min-height:550px;aspect-ratio:unset;\"><img loading=\"lazy\" decoding=\"async\" width=\"1024\" height=\"768\" class=\"wp-block-cover__image-background wp-image-247 size-large\" alt=\"\" src=\"https:\/\/cdesign-agencementexterieur.fr\/wp-content\/uploads\/2025\/11\/IMG_4681-1024x768.jpg\" data-object-fit=\"cover\" srcset=\"https:\/\/cdesign-agencementexterieur.fr\/wp-content\/uploads\/2025\/11\/IMG_4681-1024x768.jpg 1024w, https:\/\/cdesign-agencementexterieur.fr\/wp-content\/uploads\/2025\/11\/IMG_4681-300x225.jpg 300w, https:\/\/cdesign-agencementexterieur.fr\/wp-content\/uploads\/2025\/11\/IMG_4681-768x576.jpg 768w, https:\/\/cdesign-agencementexterieur.fr\/wp-content\/uploads\/2025\/11\/IMG_4681-1536x1152.jpg 1536w, https:\/\/cdesign-agencementexterieur.fr\/wp-content\/uploads\/2025\/11\/IMG_4681-2048x1536.jpg 2048w\" sizes=\"auto, (max-width: 1024px) 100vw, 1024px\" \/><span aria-hidden=\"true\" class=\"wp-block-cover__background has-background-dim-0 has-background-dim\"><\/span><div class=\"wp-block-cover__inner-container has-global-padding is-layout-constrained wp-block-cover-is-layout-constrained\">\n<p class=\"has-text-align-center has-large-font-size\"><\/p>\n<\/div><\/div>\n\n\n\n<div class=\"wp-block-buttons is-layout-flex wp-block-buttons-is-layout-flex\" style=\"margin-top:0\"><\/div>\n<\/div>\n<\/div>\n<\/div>\n<\/div>\n\n\n\n<div class=\"wp-block-group r-spacing wow animate__animated animate__fadeInUp has-global-padding is-layout-constrained wp-container-core-group-is-layout-9e277222 wp-block-group-is-layout-constrained\" style=\"margin-top:0;margin-bottom:100px;padding-right:20px;padding-left:20px\">\n<div class=\"wp-block-columns are-vertically-aligned-center is-layout-flex wp-container-core-columns-is-layout-3fedb30a wp-block-columns-is-layout-flex\">\n<div class=\"wp-block-column is-vertically-aligned-center is-layout-flow wp-block-column-is-layout-flow\">\n<div class=\"wp-block-group our-story-right has-global-padding is-layout-constrained wp-block-group-is-layout-constrained\">\n<div class=\"wp-block-cover is-light\" style=\"border-radius:20px;min-height:550px;aspect-ratio:unset;\"><img loading=\"lazy\" decoding=\"async\" width=\"1920\" height=\"2560\" class=\"wp-block-cover__image-background wp-image-248 size-full\" alt=\"\" src=\"https:\/\/cdesign-agencementexterieur.fr\/wp-content\/uploads\/2025\/11\/IMG_9798-scaled.jpg\" data-object-fit=\"cover\" srcset=\"https:\/\/cdesign-agencementexterieur.fr\/wp-content\/uploads\/2025\/11\/IMG_9798-scaled.jpg 1920w, https:\/\/cdesign-agencementexterieur.fr\/wp-content\/uploads\/2025\/11\/IMG_9798-225x300.jpg 225w, https:\/\/cdesign-agencementexterieur.fr\/wp-content\/uploads\/2025\/11\/IMG_9798-768x1024.jpg 768w, https:\/\/cdesign-agencementexterieur.fr\/wp-content\/uploads\/2025\/11\/IMG_9798-1152x1536.jpg 1152w, https:\/\/cdesign-agencementexterieur.fr\/wp-content\/uploads\/2025\/11\/IMG_9798-1536x2048.jpg 1536w\" sizes=\"auto, (max-width: 1920px) 100vw, 1920px\" \/><span aria-hidden=\"true\" class=\"wp-block-cover__background has-background-dim-0 has-background-dim\"><\/span><div class=\"wp-block-cover__inner-container has-global-padding is-layout-constrained wp-block-cover-is-layout-constrained\">\n<p><\/p>\n<\/div><\/div>\n<\/div>\n<\/div>\n\n\n\n<div class=\"wp-block-column is-vertically-aligned-center is-layout-flow wp-block-column-is-layout-flow\">\n<h2 class=\"wp-block-heading has-text-align-left\" style=\"margin-top:0;margin-bottom:40px;font-size:clamp(25.014px, 1.563rem + ((1vw - 3.2px) * 1.733), 42px);font-style:normal;font-weight:400;line-height:1.3\">Nos terrasses en Gr\u00e8s C\u00e9rame<\/h2>\n\n\n\n<p>Nous r\u00e9alisons \u00e9galement des terrasses en gr\u00e8s c\u00e9rame, modernes et extr\u00eamement r\u00e9sistantes. Qu\u2019elles soient pos\u00e9es sur plots pour une parfaite mise \u00e0 niveau ou coll\u00e9es en double encollage pour une stabilit\u00e9 optimale, nos terrasses en c\u00e9ramique offrent un rendu contemporain et facile d\u2019entretien.<\/p>\n<\/div>\n<\/div>\n<\/div>\n","protected":false},"excerpt":{"rendered":"<p>L\u2019art de cr\u00e9er votre espace ext\u00e9rieur Vous r\u00eavez d\u2019un espace ext\u00e9rieur chaleureux, \u00e9l\u00e9gant et durable ? Notre entreprise met tout son savoir-faire au service de la cr\u00e9ation de terrasses qui subliment votre jardin et valorisent votre maison. Gr\u00e2ce \u00e0 notre expertise, vous profitez d\u2019un espace de vie ext\u00e9rieur unique : une terrasse confortable, durable, parfaitement [&hellip;]<\/p>\n","protected":false},"author":1,"featured_media":0,"parent":0,"menu_order":0,"comment_status":"closed","ping_status":"closed","template":"","meta":{"footnotes":""},"class_list":["post-246","page","type-page","status-publish","hentry"],"_links":{"self":[{"href":"https:\/\/cdesign-agencementexterieur.fr\/index.php\/wp-json\/wp\/v2\/pages\/246","targetHints":{"allow":["GET"]}}],"collection":[{"href":"https:\/\/cdesign-agencementexterieur.fr\/index.php\/wp-json\/wp\/v2\/pages"}],"about":[{"href":"https:\/\/cdesign-agencementexterieur.fr\/index.php\/wp-json\/wp\/v2\/types\/page"}],"author":[{"embeddable":true,"href":"https:\/\/cdesign-agencementexterieur.fr\/index.php\/wp-json\/wp\/v2\/users\/1"}],"replies":[{"embeddable":true,"href":"https:\/\/cdesign-agencementexterieur.fr\/index.php\/wp-json\/wp\/v2\/comments?post=246"}],"version-history":[{"count":6,"href":"https:\/\/cdesign-agencementexterieur.fr\/index.php\/wp-json\/wp\/v2\/pages\/246\/revisions"}],"predecessor-version":[{"id":319,"href":"https:\/\/cdesign-agencementexterieur.fr\/index.php\/wp-json\/wp\/v2\/pages\/246\/revisions\/319"}],"wp:attachment":[{"href":"https:\/\/cdesign-agencementexterieur.fr\/index.php\/wp-json\/wp\/v2\/media?parent=246"}],"curies":[{"name":"wp","href":"https:\/\/api.w.org\/{rel}","templated":true}]}}