{"id":267,"date":"2025-11-05T19:57:47","date_gmt":"2025-11-05T19:57:47","guid":{"rendered":"https:\/\/cdesign-agencementexterieur.fr\/?page_id=267"},"modified":"2025-11-15T18:06:19","modified_gmt":"2025-11-15T18:06:19","slug":"travaux-de-terrassement-2","status":"publish","type":"page","link":"https:\/\/cdesign-agencementexterieur.fr\/index.php\/travaux-de-terrassement-2\/","title":{"rendered":"Terrassement &amp; Mini-Terrassement"},"content":{"rendered":"\n<div class=\"wp-block-columns is-layout-flex wp-container-core-columns-is-layout-28f84493 wp-block-columns-is-layout-flex\">\n<div class=\"wp-block-column is-layout-flow wp-block-column-is-layout-flow\" style=\"flex-basis:33.33%\">\n<figure class=\"wp-block-image size-large\"><img loading=\"lazy\" decoding=\"async\" width=\"768\" height=\"1024\" src=\"https:\/\/cdesign-agencementexterieur.fr\/wp-content\/uploads\/2025\/11\/IMG_6990-2-768x1024.jpg\" alt=\"\" class=\"wp-image-313\" srcset=\"https:\/\/cdesign-agencementexterieur.fr\/wp-content\/uploads\/2025\/11\/IMG_6990-2-768x1024.jpg 768w, https:\/\/cdesign-agencementexterieur.fr\/wp-content\/uploads\/2025\/11\/IMG_6990-2-225x300.jpg 225w, https:\/\/cdesign-agencementexterieur.fr\/wp-content\/uploads\/2025\/11\/IMG_6990-2-1152x1536.jpg 1152w, https:\/\/cdesign-agencementexterieur.fr\/wp-content\/uploads\/2025\/11\/IMG_6990-2-1536x2048.jpg 1536w, https:\/\/cdesign-agencementexterieur.fr\/wp-content\/uploads\/2025\/11\/IMG_6990-2-scaled.jpg 1920w\" sizes=\"auto, (max-width: 768px) 100vw, 768px\" \/><\/figure>\n<\/div>\n\n\n\n<div class=\"wp-block-column is-layout-flow wp-block-column-is-layout-flow\" style=\"flex-basis:66.66%\">\n<p><\/p>\n\n\n\n<p><strong>Notre savoir faire<\/strong><\/p>\n\n\n\n<p>Sp\u00e9cialiste du paysage, nous proposons des travaux de <strong>mini-terrassement<\/strong> adapt\u00e9s aux espaces priv\u00e9s comme professionnels. Nous r\u00e9alisons notamment l\u2019<strong>arrachage de haies<\/strong>, avec une expertise particuli\u00e8re pour les <strong>bambous<\/strong> et les <strong>plantes d\u2019ornement<\/strong>, afin de pr\u00e9parer vos terrains \u00e0 de nouveaux am\u00e9nagements.<\/p>\n\n\n\n<p>Nous intervenons \u00e9galement aux c\u00f4t\u00e9s de <strong>plombiers<\/strong> et <strong>\u00e9lectriciens<\/strong> pour la cr\u00e9ation de <strong>tranch\u00e9es<\/strong> destin\u00e9es au passage de r\u00e9seaux :<\/p>\n\n\n\n<p>\u2022 \u00e9lectricit\u00e9<\/p>\n\n\n\n<p>\u2022 eau potable<\/p>\n\n\n\n<p>\u2022 \u00e9vacuations<\/p>\n\n\n\n<p>\u2022 c\u00e2bles divers<\/p>\n\n\n\n<p>Gr\u00e2ce \u00e0 un mat\u00e9riel compact et pr\u00e9cis, nous travaillons en toute s\u00e9curit\u00e9, m\u00eame dans les zones difficiles d\u2019acc\u00e8s, tout en respectant votre environnement.<\/p>\n<\/div>\n<\/div>\n\n\n\n<div class=\"wp-block-group r-spacing wow animate__animated animate__fadeInUp has-global-padding is-layout-constrained wp-container-core-group-is-layout-19e9ae59 wp-block-group-is-layout-constrained\" style=\"margin-top:20px;margin-bottom:100px;padding-right:20px;padding-left:20px\">\n<div class=\"wp-block-group is-layout-grid wp-container-core-group-is-layout-2d99eb48 wp-block-group-is-layout-grid\">\n<div class=\"wp-block-group has-base-background-color has-background has-global-padding is-layout-constrained wp-container-core-group-is-layout-639b5052 wp-block-group-is-layout-constrained\" style=\"border-radius:10px;padding-top:0;padding-right:0;padding-bottom:0;padding-left:0\">\n<div class=\"wp-block-cover\" style=\"border-top-left-radius:10px;border-top-right-radius:10px;min-height:250px;aspect-ratio:unset;\"><img loading=\"lazy\" decoding=\"async\" width=\"1024\" height=\"768\" class=\"wp-block-cover__image-background wp-image-268 size-large\" alt=\"\" src=\"https:\/\/cdesign-agencementexterieur.fr\/wp-content\/uploads\/2025\/11\/IMG_6325-1024x768.jpg\" data-object-fit=\"cover\" srcset=\"https:\/\/cdesign-agencementexterieur.fr\/wp-content\/uploads\/2025\/11\/IMG_6325-1024x768.jpg 1024w, https:\/\/cdesign-agencementexterieur.fr\/wp-content\/uploads\/2025\/11\/IMG_6325-300x225.jpg 300w, https:\/\/cdesign-agencementexterieur.fr\/wp-content\/uploads\/2025\/11\/IMG_6325-768x576.jpg 768w, https:\/\/cdesign-agencementexterieur.fr\/wp-content\/uploads\/2025\/11\/IMG_6325-1536x1152.jpg 1536w, https:\/\/cdesign-agencementexterieur.fr\/wp-content\/uploads\/2025\/11\/IMG_6325-2048x1536.jpg 2048w\" sizes=\"auto, (max-width: 1024px) 100vw, 1024px\" \/><span aria-hidden=\"true\" class=\"wp-block-cover__background has-background-dim-0 has-background-dim\" style=\"background-color:#86785d\"><\/span><div class=\"wp-block-cover__inner-container has-global-padding is-layout-constrained wp-block-cover-is-layout-constrained\">\n<p class=\"has-text-align-center has-large-font-size\"><\/p>\n<\/div><\/div>\n<\/div>\n\n\n\n<div class=\"wp-block-group has-base-background-color has-background has-global-padding is-layout-constrained wp-container-core-group-is-layout-279fc901 wp-block-group-is-layout-constrained\" style=\"border-radius:10px;padding-top:0;padding-right:0px;padding-bottom:20px;padding-left:0px\">\n<div class=\"wp-block-cover is-light\" style=\"border-top-left-radius:10px;border-top-right-radius:10px;padding-top:0;padding-right:0;padding-bottom:0;padding-left:0;min-height:250px;aspect-ratio:unset;\"><img loading=\"lazy\" decoding=\"async\" width=\"1024\" height=\"768\" class=\"wp-block-cover__image-background wp-image-269 size-large\" alt=\"\" src=\"https:\/\/cdesign-agencementexterieur.fr\/wp-content\/uploads\/2025\/11\/IMG_7676-1024x768.jpg\" data-object-fit=\"cover\" srcset=\"https:\/\/cdesign-agencementexterieur.fr\/wp-content\/uploads\/2025\/11\/IMG_7676-1024x768.jpg 1024w, https:\/\/cdesign-agencementexterieur.fr\/wp-content\/uploads\/2025\/11\/IMG_7676-300x225.jpg 300w, https:\/\/cdesign-agencementexterieur.fr\/wp-content\/uploads\/2025\/11\/IMG_7676-768x576.jpg 768w, https:\/\/cdesign-agencementexterieur.fr\/wp-content\/uploads\/2025\/11\/IMG_7676-1536x1152.jpg 1536w, https:\/\/cdesign-agencementexterieur.fr\/wp-content\/uploads\/2025\/11\/IMG_7676-2048x1536.jpg 2048w\" sizes=\"auto, (max-width: 1024px) 100vw, 1024px\" \/><span aria-hidden=\"true\" class=\"wp-block-cover__background has-background-dim-0 has-background-dim\" style=\"background-color:#83827a\"><\/span><div class=\"wp-block-cover__inner-container has-global-padding is-layout-constrained wp-container-core-cover-is-layout-639b5052 wp-block-cover-is-layout-constrained\">\n<p class=\"has-text-align-center has-large-font-size\"><\/p>\n<\/div><\/div>\n<\/div>\n\n\n\n<div class=\"wp-block-group has-base-background-color has-background has-global-padding is-layout-constrained wp-container-core-group-is-layout-279fc901 wp-block-group-is-layout-constrained\" style=\"border-radius:10px;padding-top:0;padding-right:0px;padding-bottom:20px;padding-left:0px\">\n<div class=\"wp-block-cover\" style=\"border-top-left-radius:10px;border-top-right-radius:10px;padding-top:0;padding-right:0;padding-bottom:0;padding-left:0;min-height:250px;aspect-ratio:unset;\"><img loading=\"lazy\" decoding=\"async\" width=\"1024\" height=\"768\" class=\"wp-block-cover__image-background wp-image-270 size-large\" alt=\"\" src=\"https:\/\/cdesign-agencementexterieur.fr\/wp-content\/uploads\/2025\/11\/IMG_6599-1-1024x768.jpg\" data-object-fit=\"cover\" srcset=\"https:\/\/cdesign-agencementexterieur.fr\/wp-content\/uploads\/2025\/11\/IMG_6599-1-1024x768.jpg 1024w, https:\/\/cdesign-agencementexterieur.fr\/wp-content\/uploads\/2025\/11\/IMG_6599-1-300x225.jpg 300w, https:\/\/cdesign-agencementexterieur.fr\/wp-content\/uploads\/2025\/11\/IMG_6599-1-768x576.jpg 768w, https:\/\/cdesign-agencementexterieur.fr\/wp-content\/uploads\/2025\/11\/IMG_6599-1-1536x1152.jpg 1536w, https:\/\/cdesign-agencementexterieur.fr\/wp-content\/uploads\/2025\/11\/IMG_6599-1-2048x1536.jpg 2048w\" sizes=\"auto, (max-width: 1024px) 100vw, 1024px\" \/><span aria-hidden=\"true\" class=\"wp-block-cover__background has-background-dim-0 has-background-dim\" style=\"background-color:#737a7b\"><\/span><div class=\"wp-block-cover__inner-container has-global-padding is-layout-constrained wp-container-core-cover-is-layout-639b5052 wp-block-cover-is-layout-constrained\">\n<p class=\"has-text-align-center has-large-font-size\"><\/p>\n<\/div><\/div>\n<\/div>\n<\/div>\n<\/div>\n","protected":false},"excerpt":{"rendered":"<p>Notre savoir faire Sp\u00e9cialiste du paysage, nous proposons des travaux de mini-terrassement adapt\u00e9s aux espaces priv\u00e9s comme professionnels. Nous r\u00e9alisons notamment l\u2019arrachage de haies, avec une expertise particuli\u00e8re pour les bambous et les plantes d\u2019ornement, afin de pr\u00e9parer vos terrains \u00e0 de nouveaux am\u00e9nagements. Nous intervenons \u00e9galement aux c\u00f4t\u00e9s de plombiers et \u00e9lectriciens pour la [&hellip;]<\/p>\n","protected":false},"author":1,"featured_media":0,"parent":0,"menu_order":0,"comment_status":"closed","ping_status":"closed","template":"","meta":{"footnotes":""},"class_list":["post-267","page","type-page","status-publish","hentry"],"_links":{"self":[{"href":"https:\/\/cdesign-agencementexterieur.fr\/index.php\/wp-json\/wp\/v2\/pages\/267","targetHints":{"allow":["GET"]}}],"collection":[{"href":"https:\/\/cdesign-agencementexterieur.fr\/index.php\/wp-json\/wp\/v2\/pages"}],"about":[{"href":"https:\/\/cdesign-agencementexterieur.fr\/index.php\/wp-json\/wp\/v2\/types\/page"}],"author":[{"embeddable":true,"href":"https:\/\/cdesign-agencementexterieur.fr\/index.php\/wp-json\/wp\/v2\/users\/1"}],"replies":[{"embeddable":true,"href":"https:\/\/cdesign-agencementexterieur.fr\/index.php\/wp-json\/wp\/v2\/comments?post=267"}],"version-history":[{"count":8,"href":"https:\/\/cdesign-agencementexterieur.fr\/index.php\/wp-json\/wp\/v2\/pages\/267\/revisions"}],"predecessor-version":[{"id":315,"href":"https:\/\/cdesign-agencementexterieur.fr\/index.php\/wp-json\/wp\/v2\/pages\/267\/revisions\/315"}],"wp:attachment":[{"href":"https:\/\/cdesign-agencementexterieur.fr\/index.php\/wp-json\/wp\/v2\/media?parent=267"}],"curies":[{"name":"wp","href":"https:\/\/api.w.org\/{rel}","templated":true}]}}